{"id":1213,"date":"2025-02-10T23:33:44","date_gmt":"2025-02-10T22:33:44","guid":{"rendered":"https:\/\/www.ashtrom-germany.com\/esg\/"},"modified":"2025-02-21T23:11:22","modified_gmt":"2025-02-21T22:11:22","slug":"esg","status":"publish","type":"page","link":"https:\/\/www.ashtrom-germany.com\/de\/esg\/","title":{"rendered":"ESG"},"content":{"rendered":"<div class=\"fusion-fullwidth fullwidth-box fusion-builder-row-1 fusion-flex-container has-pattern-background has-mask-background nonhundred-percent-fullwidth non-hundred-percent-height-scrolling ashtoh-max-width-850px\" style=\"--awb-background-position:left top;--awb-border-sizes-top:0px;--awb-border-sizes-bottom:0px;--awb-border-sizes-left:0px;--awb-border-sizes-right:0px;--awb-border-radius-top-left:0px;--awb-border-radius-top-right:0px;--awb-border-radius-bottom-right:0px;--awb-border-radius-bottom-left:0px;--awb-padding-top:40px;--awb-padding-right:10px;--awb-padding-bottom:0px;--awb-padding-left:10px;--awb-flex-wrap:wrap;\" ><div class=\"fusion-builder-row fusion-row fusion-flex-align-items-flex-start fusion-flex-content-wrap\" style=\"max-width:calc( 1100px + 0px );margin-left: calc(-0px \/ 2 );margin-right: calc(-0px \/ 2 );\"><div class=\"fusion-layout-column fusion_builder_column fusion-builder-column-0 fusion_builder_column_1_1 1_1 fusion-flex-column fusion-flex-align-self-flex-start fusion-column-no-min-height\" style=\"--awb-bg-size:cover;--awb-width-large:100%;--awb-margin-top-large:0px;--awb-spacing-right-large:0px;--awb-margin-bottom-large:50px;--awb-spacing-left-large:0px;--awb-width-medium:100%;--awb-order-medium:0;--awb-spacing-right-medium:0px;--awb-spacing-left-medium:0px;--awb-width-small:100%;--awb-order-small:0;--awb-spacing-right-small:0px;--awb-margin-bottom-small:30px;--awb-spacing-left-small:0px;\" data-scroll-devices=\"small-visibility,medium-visibility,large-visibility\"><div class=\"fusion-column-wrapper fusion-column-has-shadow fusion-flex-justify-content-flex-start fusion-content-layout-column\"><div class=\"fusion-title title fusion-title-1 fusion-sep-none fusion-title-center fusion-title-text fusion-title-size-one\" style=\"--awb-margin-top-small:10px;--awb-margin-right-small:0px;--awb-margin-bottom-small:10px;--awb-margin-left-small:0px;\"><h1 class=\"fusion-title-heading title-heading-center\" style=\"margin:0;\">ESG-Portfolio-Strategie<\/h1><\/div><div class=\"fusion-text fusion-text-1\"><p>Ashtrom Properties Germany GmbH setzt konsequent die ESG-Strategie und -Ziele der Ashtrom Group um. Diese Strategie und Ziele sind auf der offiziellen Website der Gruppe nachzulesen: <a href=\"https:\/\/www.ashtrom.co.il\/en\/esg\">https:\/\/www.ashtrom.co.il\/en\/esg<\/a>.<\/p>\n<p>Um diese Ziele zu erreichen, f\u00fchrt Ashtrom Properties Germany detaillierte Portfolioanalysen f\u00fcr jede einzelne Immobilie durch. Dabei wird der aktuelle Status aller Objekte in Bezug auf ESG-Kriterien erfasst, um langfristig die ESG-Konformit\u00e4t des Portfolios zu gew\u00e4hrleisten.<\/p>\n<p>Die Ladeinfrastruktur wird entsprechend der Nachfrage weiter ausgebaut und an die Anforderungen des deutschen Geb\u00e4ude-Elektromobilit\u00e4tsinfrastruktur-Gesetzes (GEIG) angepasst.<\/p>\n<p>Zudem ist das gesamte Portfolio nach BREEAM In-Use zertifiziert. Bis 2028 sollen alle Geb\u00e4ude zus\u00e4tzlich eine DGNB-Zertifizierung erhalten.<\/p>\n<\/div><div class=\"fusion-image-element \" style=\"text-align:center;--awb-margin-top:20px;--awb-margin-bottom:50px;--awb-margin-top-small:10px;--awb-margin-bottom-small:30px;--awb-max-width:300px;--awb-caption-title-font-family:var(--h2_typography-font-family);--awb-caption-title-font-weight:var(--h2_typography-font-weight);--awb-caption-title-font-style:var(--h2_typography-font-style);--awb-caption-title-size:var(--h2_typography-font-size);--awb-caption-title-transform:var(--h2_typography-text-transform);--awb-caption-title-line-height:var(--h2_typography-line-height);--awb-caption-title-letter-spacing:var(--h2_typography-letter-spacing);\"><span class=\" fusion-imageframe imageframe-none imageframe-1 hover-type-none\"><img decoding=\"async\" width=\"800\" height=\"242\" alt=\"dgnb-mitglied\" title=\"dgnb-mitglied\" src=\"https:\/\/www.ashtrom-germany.com\/wp-content\/uploads\/2025\/02\/dgnb-mitglied.webp\" data-orig-src=\"https:\/\/www.ashtrom-germany.com\/wp-content\/uploads\/2025\/02\/dgnb-mitglied.webp\" class=\"lazyload img-responsive wp-image-1191\" srcset=\"data:image\/svg+xml,%3Csvg%20xmlns%3D%27http%3A%2F%2Fwww.w3.org%2F2000%2Fsvg%27%20width%3D%27800%27%20height%3D%27242%27%20viewBox%3D%270%200%20800%20242%27%3E%3Crect%20width%3D%27800%27%20height%3D%27242%27%20fill-opacity%3D%220%22%2F%3E%3C%2Fsvg%3E\" data-srcset=\"https:\/\/www.ashtrom-germany.com\/wp-content\/uploads\/2025\/02\/dgnb-mitglied-200x61.webp 200w, https:\/\/www.ashtrom-germany.com\/wp-content\/uploads\/2025\/02\/dgnb-mitglied-400x121.webp 400w, https:\/\/www.ashtrom-germany.com\/wp-content\/uploads\/2025\/02\/dgnb-mitglied-600x182.webp 600w, https:\/\/www.ashtrom-germany.com\/wp-content\/uploads\/2025\/02\/dgnb-mitglied.webp 800w\" data-sizes=\"auto\" data-orig-sizes=\"(max-width: 1024px) 100vw, (max-width: 640px) 100vw, 800px\" \/><\/span><\/div><div class=\"fusion-text fusion-text-2\"><p class=\"p1\">Im Hinblick auf die kommende Corporate Sustainability Reporting Directive (CSRD), die ab 2028 gilt, digitalisiert Ashtrom Properties Germany seine bestehenden Datenbanken und implementiert ein umfassendes Energiemonitoring, um k\u00fcnftige Berichtspflichten zu erf\u00fcllen.<\/p>\n<p class=\"p1\">Dar\u00fcber hinaus ber\u00fccksichtigt das Unternehmen stets die nachhaltigen Ziele der aktuellen und zuk\u00fcnftigen Mieter, damit die Immobilien weiterhin attraktiv bleiben. Deshalb werden vermehrt \u201cGreen Lease\u201d-Klauseln in Mietvertr\u00e4gen verankert, um rasch nachhaltige Ma\u00dfnahmen umzusetzen. Auch bei Dienstleistern wird auf die Einhaltung derselben ESG-Standards geachtet.<\/p>\n<p class=\"p1\">Der fortlaufende, portfolioweite Ausbau von Photovoltaik (PV)-Anlagen und anderen erneuerbaren Energiequellen wird die CO\u2082-Emissionen der Objekte kurz- und mittelfristig sp\u00fcrbar senken. So untermauert Ashtrom Properties Germany sein Engagement zur Minimierung von Umweltauswirkungen.<\/p>\n<p class=\"p1\">Durch die konsequente Umsetzung dieser nachhaltigen Portfolio-Strategie verringert Ashtrom Properties Germany das Risiko von \u201cStranded Assets\u201d und sichert langfristig seinen nachhaltigen Erfolg.<\/p>\n<\/div><\/div><\/div><\/div><\/div>\n","protected":false},"excerpt":{"rendered":"","protected":false},"author":1,"featured_media":0,"parent":0,"menu_order":0,"comment_status":"closed","ping_status":"closed","template":"100-width.php","meta":{"_acf_changed":false,"footnotes":""},"class_list":["post-1213","page","type-page","status-publish","hentry"],"acf":[],"yoast_head":"<!-- This site is optimized with the Yoast SEO plugin v27.2 - https:\/\/yoast.com\/product\/yoast-seo-wordpress\/ -->\n<title>ESG - Ashtrom Properties Germany<\/title>\n<meta name=\"robots\" content=\"index, follow, max-snippet:-1, max-image-preview:large, max-video-preview:-1\" \/>\n<link rel=\"canonical\" href=\"https:\/\/www.ashtrom-germany.com\/de\/esg\/\" \/>\n<meta property=\"og:locale\" content=\"de_DE\" \/>\n<meta property=\"og:type\" content=\"article\" \/>\n<meta property=\"og:title\" content=\"ESG - Ashtrom Properties Germany\" \/>\n<meta property=\"og:url\" content=\"https:\/\/www.ashtrom-germany.com\/de\/esg\/\" \/>\n<meta property=\"og:site_name\" content=\"Ashtrom Properties Germany\" \/>\n<meta property=\"article:modified_time\" content=\"2025-02-21T22:11:22+00:00\" \/>\n<meta name=\"twitter:card\" content=\"summary_large_image\" \/>\n<meta name=\"twitter:label1\" content=\"Gesch\u00e4tzte Lesezeit\" \/>\n\t<meta name=\"twitter:data1\" content=\"2\u00a0Minuten\" \/>\n<script type=\"application\/ld+json\" class=\"yoast-schema-graph\">{\"@context\":\"https:\/\/schema.org\",\"@graph\":[{\"@type\":\"WebPage\",\"@id\":\"https:\/\/www.ashtrom-germany.com\/de\/esg\/\",\"url\":\"https:\/\/www.ashtrom-germany.com\/de\/esg\/\",\"name\":\"ESG - Ashtrom Properties Germany\",\"isPartOf\":{\"@id\":\"https:\/\/www.ashtrom-germany.com\/#website\"},\"datePublished\":\"2025-02-10T22:33:44+00:00\",\"dateModified\":\"2025-02-21T22:11:22+00:00\",\"breadcrumb\":{\"@id\":\"https:\/\/www.ashtrom-germany.com\/de\/esg\/#breadcrumb\"},\"inLanguage\":\"de\",\"potentialAction\":[{\"@type\":\"ReadAction\",\"target\":[\"https:\/\/www.ashtrom-germany.com\/de\/esg\/\"]}]},{\"@type\":\"BreadcrumbList\",\"@id\":\"https:\/\/www.ashtrom-germany.com\/de\/esg\/#breadcrumb\",\"itemListElement\":[{\"@type\":\"ListItem\",\"position\":1,\"name\":\"Home\",\"item\":\"https:\/\/www.ashtrom-germany.com\/de\/\"},{\"@type\":\"ListItem\",\"position\":2,\"name\":\"ESG\"}]},{\"@type\":\"WebSite\",\"@id\":\"https:\/\/www.ashtrom-germany.com\/#website\",\"url\":\"https:\/\/www.ashtrom-germany.com\/\",\"name\":\"Ashtrom Properties Germany\",\"description\":\"Specialist in commercial real estate management\",\"potentialAction\":[{\"@type\":\"SearchAction\",\"target\":{\"@type\":\"EntryPoint\",\"urlTemplate\":\"https:\/\/www.ashtrom-germany.com\/?s={search_term_string}\"},\"query-input\":{\"@type\":\"PropertyValueSpecification\",\"valueRequired\":true,\"valueName\":\"search_term_string\"}}],\"inLanguage\":\"de\"}]}<\/script>\n<!-- \/ Yoast SEO plugin. -->","yoast_head_json":{"title":"ESG - Ashtrom Properties Germany","robots":{"index":"index","follow":"follow","max-snippet":"max-snippet:-1","max-image-preview":"max-image-preview:large","max-video-preview":"max-video-preview:-1"},"canonical":"https:\/\/www.ashtrom-germany.com\/de\/esg\/","og_locale":"de_DE","og_type":"article","og_title":"ESG - Ashtrom Properties Germany","og_url":"https:\/\/www.ashtrom-germany.com\/de\/esg\/","og_site_name":"Ashtrom Properties Germany","article_modified_time":"2025-02-21T22:11:22+00:00","twitter_card":"summary_large_image","twitter_misc":{"Gesch\u00e4tzte Lesezeit":"2\u00a0Minuten"},"schema":{"@context":"https:\/\/schema.org","@graph":[{"@type":"WebPage","@id":"https:\/\/www.ashtrom-germany.com\/de\/esg\/","url":"https:\/\/www.ashtrom-germany.com\/de\/esg\/","name":"ESG - Ashtrom Properties Germany","isPartOf":{"@id":"https:\/\/www.ashtrom-germany.com\/#website"},"datePublished":"2025-02-10T22:33:44+00:00","dateModified":"2025-02-21T22:11:22+00:00","breadcrumb":{"@id":"https:\/\/www.ashtrom-germany.com\/de\/esg\/#breadcrumb"},"inLanguage":"de","potentialAction":[{"@type":"ReadAction","target":["https:\/\/www.ashtrom-germany.com\/de\/esg\/"]}]},{"@type":"BreadcrumbList","@id":"https:\/\/www.ashtrom-germany.com\/de\/esg\/#breadcrumb","itemListElement":[{"@type":"ListItem","position":1,"name":"Home","item":"https:\/\/www.ashtrom-germany.com\/de\/"},{"@type":"ListItem","position":2,"name":"ESG"}]},{"@type":"WebSite","@id":"https:\/\/www.ashtrom-germany.com\/#website","url":"https:\/\/www.ashtrom-germany.com\/","name":"Ashtrom Properties Germany","description":"Specialist in commercial real estate management","potentialAction":[{"@type":"SearchAction","target":{"@type":"EntryPoint","urlTemplate":"https:\/\/www.ashtrom-germany.com\/?s={search_term_string}"},"query-input":{"@type":"PropertyValueSpecification","valueRequired":true,"valueName":"search_term_string"}}],"inLanguage":"de"}]}},"_links":{"self":[{"href":"https:\/\/www.ashtrom-germany.com\/de\/wp-json\/wp\/v2\/pages\/1213","targetHints":{"allow":["GET"]}}],"collection":[{"href":"https:\/\/www.ashtrom-germany.com\/de\/wp-json\/wp\/v2\/pages"}],"about":[{"href":"https:\/\/www.ashtrom-germany.com\/de\/wp-json\/wp\/v2\/types\/page"}],"author":[{"embeddable":true,"href":"https:\/\/www.ashtrom-germany.com\/de\/wp-json\/wp\/v2\/users\/1"}],"replies":[{"embeddable":true,"href":"https:\/\/www.ashtrom-germany.com\/de\/wp-json\/wp\/v2\/comments?post=1213"}],"version-history":[{"count":2,"href":"https:\/\/www.ashtrom-germany.com\/de\/wp-json\/wp\/v2\/pages\/1213\/revisions"}],"predecessor-version":[{"id":1215,"href":"https:\/\/www.ashtrom-germany.com\/de\/wp-json\/wp\/v2\/pages\/1213\/revisions\/1215"}],"wp:attachment":[{"href":"https:\/\/www.ashtrom-germany.com\/de\/wp-json\/wp\/v2\/media?parent=1213"}],"curies":[{"name":"wp","href":"https:\/\/api.w.org\/{rel}","templated":true}]}}