{"id":382,"date":"2016-09-09T22:46:34","date_gmt":"2016-09-09T20:46:34","guid":{"rendered":"https:\/\/www.ashtrom-germany.com\/about-us\/"},"modified":"2025-02-10T20:40:22","modified_gmt":"2025-02-10T19:40:22","slug":"ueber-uns","status":"publish","type":"page","link":"https:\/\/www.ashtrom-germany.com\/de\/ueber-uns\/","title":{"rendered":"\u00dcber uns"},"content":{"rendered":"<p><div class=\"fusion-fullwidth fullwidth-box fusion-builder-row-1 nonhundred-percent-fullwidth non-hundred-percent-height-scrolling\" style=\"--awb-background-position:left top;--awb-border-sizes-top:0px;--awb-border-sizes-bottom:0px;--awb-border-sizes-left:0px;--awb-border-sizes-right:0px;--awb-border-radius-top-left:0px;--awb-border-radius-top-right:0px;--awb-border-radius-bottom-right:0px;--awb-border-radius-bottom-left:0px;--awb-padding-top:0px;--awb-padding-right:0px;--awb-padding-bottom:0px;--awb-padding-left:0px;--awb-flex-wrap:wrap;\" ><div class=\"fusion-builder-row fusion-row\"><div class=\"fusion-layout-column fusion_builder_column fusion-builder-column-0 fusion_builder_column_1_1 1_1 fusion-one-full fusion-column-first fusion-column-last fusion-column-no-min-height\" style=\"--awb-bg-size:cover;--awb-margin-bottom:0px;\"><div class=\"fusion-column-wrapper fusion-flex-column-wrapper-legacy\">\n<div class=\"fusion-slider-revolution rev_slider_wrapper\">\t\t\t<!-- START aboutus REVOLUTION SLIDER 6.7.38 --><p class=\"rs-p-wp-fix\"><\/p>\n\t\t\t<rs-module-wrap id=\"rev_slider_2_1_wrapper\" data-source=\"gallery\" style=\"visibility:hidden;background:transparent;padding:0;margin:0px auto;margin-top:0;margin-bottom:0;\">\n\t\t\t\t<rs-module id=\"rev_slider_2_1\" style=\"\" data-version=\"6.7.38\">\n\t\t\t\t\t<rs-slides style=\"overflow: hidden; position: absolute;\">\n\t\t\t\t\t\t<rs-slide style=\"position: absolute;\" data-key=\"rs-26\" data-title=\"Slide\" data-thumb=\"\/\/www.ashtrom-germany.com\/wp-content\/uploads\/2017\/04\/HH-Norderst_9445-fin1200-100x50.jpg\" data-anim=\"adpr:false;\">\n\t\t\t\t\t\t\t<img decoding=\"async\" src=\"\/\/www.ashtrom-germany.com\/wp-content\/plugins\/revslider\/sr6\/assets\/assets\/dummy.png\" alt=\"\" title=\"HH-Norderst_9445-fin1200\" width=\"1200\" height=\"800\" class=\"rev-slidebg tp-rs-img rs-lazyload\" data-lazyload=\"\/\/www.ashtrom-germany.com\/wp-content\/uploads\/2017\/04\/HH-Norderst_9445-fin1200.jpg\" data-panzoom=\"d:10000;ss:100;se:130;oe:0\/40;\" data-no-retina>\n<!---->\t\t\t\t\t<\/rs-slide>\n\t\t\t\t\t\t<rs-slide style=\"position: absolute;\" data-key=\"rs-27\" data-title=\"Slide\" data-thumb=\"\/\/www.ashtrom-germany.com\/wp-content\/uploads\/2016\/09\/H-Gradestr_9365-fin1200-100x50.jpg\" data-anim=\"adpr:false;\">\n\t\t\t\t\t\t\t<img decoding=\"async\" src=\"\/\/www.ashtrom-germany.com\/wp-content\/plugins\/revslider\/sr6\/assets\/assets\/dummy.png\" alt=\"\" title=\"H-Gradestr_9365-fin1200\" width=\"1200\" height=\"800\" class=\"rev-slidebg tp-rs-img rs-lazyload\" data-lazyload=\"\/\/www.ashtrom-germany.com\/wp-content\/uploads\/2016\/09\/H-Gradestr_9365-fin1200.jpg\" data-panzoom=\"d:10000;ss:110;se:110;os:-20\/0;oe:20\/0;\" data-no-retina>\n<!---->\t\t\t\t\t<\/rs-slide>\n\t\t\t\t\t\t<rs-slide style=\"position: absolute;\" data-key=\"rs-28\" data-title=\"Slide\" data-thumb=\"\/\/www.ashtrom-germany.com\/wp-content\/uploads\/2017\/04\/WOB_9179-fin1200-100x50.jpg\" data-anim=\"adpr:false;\">\n\t\t\t\t\t\t\t<img decoding=\"async\" src=\"\/\/www.ashtrom-germany.com\/wp-content\/plugins\/revslider\/sr6\/assets\/assets\/dummy.png\" alt=\"\" title=\"WOB_9179-fin1200\" width=\"1200\" height=\"800\" class=\"rev-slidebg tp-rs-img rs-lazyload\" data-lazyload=\"\/\/www.ashtrom-germany.com\/wp-content\/uploads\/2017\/04\/WOB_9179-fin1200.jpg\" data-panzoom=\"d:10000;ss:130;se:100;\" data-no-retina>\n<!---->\t\t\t\t\t<\/rs-slide>\n\t\t\t\t\t\t<rs-slide style=\"position: absolute;\" data-key=\"rs-30\" data-title=\"Slide\" data-thumb=\"\/\/www.ashtrom-germany.com\/wp-content\/uploads\/2016\/09\/D-Yorck_0411-fin1200-100x50.jpg\" data-anim=\"adpr:false;\">\n\t\t\t\t\t\t\t<img decoding=\"async\" src=\"\/\/www.ashtrom-germany.com\/wp-content\/plugins\/revslider\/sr6\/assets\/assets\/dummy.png\" alt=\"\" title=\"D-Yorck_0411-fin1200\" width=\"1200\" height=\"800\" class=\"rev-slidebg tp-rs-img rs-lazyload\" data-lazyload=\"\/\/www.ashtrom-germany.com\/wp-content\/uploads\/2016\/09\/D-Yorck_0411-fin1200.jpg\" data-panzoom=\"d:10000;ss:130;se:100;\" data-no-retina>\n<!---->\t\t\t\t\t<\/rs-slide>\n\t\t\t\t\t\t<rs-slide style=\"position: absolute;\" data-key=\"rs-31\" data-title=\"Slide\" data-thumb=\"\/\/www.ashtrom-germany.com\/wp-content\/uploads\/2016\/09\/redrocks-bild02-100x50.jpg\" data-anim=\"adpr:false;\">\n\t\t\t\t\t\t\t<img decoding=\"async\" src=\"\/\/www.ashtrom-germany.com\/wp-content\/plugins\/revslider\/sr6\/assets\/assets\/dummy.png\" alt=\"\" title=\"redrocks-bild02\" width=\"569\" height=\"540\" class=\"rev-slidebg tp-rs-img rs-lazyload\" data-lazyload=\"\/\/www.ashtrom-germany.com\/wp-content\/uploads\/2016\/09\/redrocks-bild02.jpg\" data-panzoom=\"d:10000;ss:100;se:120;\" data-no-retina>\n<!---->\t\t\t\t\t<\/rs-slide>\n\t\t\t\t\t\t<rs-slide style=\"position: absolute;\" data-key=\"rs-32\" data-title=\"Slide\" data-thumb=\"\/\/www.ashtrom-germany.com\/wp-content\/uploads\/2016\/09\/L-Quer_2947-1200-100x50.jpg\" data-anim=\"adpr:false;\">\n\t\t\t\t\t\t\t<img decoding=\"async\" src=\"\/\/www.ashtrom-germany.com\/wp-content\/plugins\/revslider\/sr6\/assets\/assets\/dummy.png\" alt=\"\" title=\"L-Quer_2947-1200\" width=\"1200\" height=\"800\" class=\"rev-slidebg tp-rs-img rs-lazyload\" data-lazyload=\"\/\/www.ashtrom-germany.com\/wp-content\/uploads\/2016\/09\/L-Quer_2947-1200.jpg\" data-panzoom=\"d:10000;ss:130;se:100;\" data-no-retina>\n<!---->\t\t\t\t\t<\/rs-slide>\n\t\t\t\t\t\t<rs-slide style=\"position: absolute;\" data-key=\"rs-33\" data-title=\"Slide\" data-thumb=\"\/\/www.ashtrom-germany.com\/wp-content\/uploads\/2016\/09\/L-Quer_2931-1200-100x50.jpg\" data-anim=\"adpr:false;\">\n\t\t\t\t\t\t\t<img decoding=\"async\" src=\"\/\/www.ashtrom-germany.com\/wp-content\/plugins\/revslider\/sr6\/assets\/assets\/dummy.png\" alt=\"\" title=\"L-Quer_2931-1200\" width=\"1200\" height=\"800\" class=\"rev-slidebg tp-rs-img rs-lazyload\" data-lazyload=\"\/\/www.ashtrom-germany.com\/wp-content\/uploads\/2016\/09\/L-Quer_2931-1200.jpg\" data-panzoom=\"d:10000;ss:130;se:100;oe:0\/100;\" data-no-retina>\n<!---->\t\t\t\t\t<\/rs-slide>\n\t\t\t\t\t\t<rs-slide style=\"position: absolute;\" data-key=\"rs-34\" data-title=\"Slide\" data-thumb=\"\/\/www.ashtrom-germany.com\/wp-content\/uploads\/2017\/04\/HH-GD_9686-fin1200-100x50.jpg\" data-anim=\"adpr:false;\">\n\t\t\t\t\t\t\t<img decoding=\"async\" src=\"\/\/www.ashtrom-germany.com\/wp-content\/plugins\/revslider\/sr6\/assets\/assets\/dummy.png\" alt=\"\" title=\"HH-GD_9686-fin1200\" width=\"1200\" height=\"800\" class=\"rev-slidebg tp-rs-img rs-lazyload\" data-lazyload=\"\/\/www.ashtrom-germany.com\/wp-content\/uploads\/2017\/04\/HH-GD_9686-fin1200.jpg\" data-panzoom=\"d:10000;ss:120;se:120;os:50\/0;oe:-50\/0;\" data-no-retina>\n<!---->\t\t\t\t\t<\/rs-slide>\n\t\t\t\t\t\t<rs-slide style=\"position: absolute;\" data-key=\"rs-35\" data-title=\"Slide\" data-thumb=\"\/\/www.ashtrom-germany.com\/wp-content\/uploads\/2017\/04\/HH-GD_9690-fin1200-100x50.jpg\" data-anim=\"adpr:false;\">\n\t\t\t\t\t\t\t<img decoding=\"async\" src=\"\/\/www.ashtrom-germany.com\/wp-content\/plugins\/revslider\/sr6\/assets\/assets\/dummy.png\" alt=\"\" title=\"HH-GD_9690-fin1200\" width=\"1200\" height=\"800\" class=\"rev-slidebg tp-rs-img rs-lazyload\" data-lazyload=\"\/\/www.ashtrom-germany.com\/wp-content\/uploads\/2017\/04\/HH-GD_9690-fin1200.jpg\" data-panzoom=\"d:10000;ss:130;se:100;\" data-no-retina>\n<!---->\t\t\t\t\t<\/rs-slide>\n\t\t\t\t\t<\/rs-slides>\n\t\t\t\t<\/rs-module>\n\t\t\t\t<script>\n\t\t\t\t\tsetREVStartSize({c: 'rev_slider_2_1',rl:[1240,1024,778,480],el:[],gw:[1240],gh:[600],type:'standard',justify:'',layout:'fullwidth',mh:\"0\"});if (window.RS_MODULES!==undefined && window.RS_MODULES.modules!==undefined && window.RS_MODULES.modules[\"revslider21\"]!==undefined) {window.RS_MODULES.modules[\"revslider21\"].once = false;window.revapi2 = undefined;if (window.RS_MODULES.checkMinimal!==undefined) window.RS_MODULES.checkMinimal()}\n\t\t\t\t<\/script>\n\t\t\t<\/rs-module-wrap>\n\t\t\t<!-- END REVOLUTION SLIDER -->\n<\/div><div class=\"fusion-clearfix\"><\/div><\/div><\/div><\/div><\/div><div class=\"fusion-fullwidth fullwidth-box fusion-builder-row-2 nonhundred-percent-fullwidth non-hundred-percent-height-scrolling ashtoh-max-width-850px\" style=\"--awb-background-position:left top;--awb-border-sizes-top:0px;--awb-border-sizes-bottom:0px;--awb-border-sizes-left:0px;--awb-border-sizes-right:0px;--awb-border-radius-top-left:0px;--awb-border-radius-top-right:0px;--awb-border-radius-bottom-right:0px;--awb-border-radius-bottom-left:0px;--awb-padding-top:40px;--awb-padding-right:10px;--awb-padding-bottom:0px;--awb-padding-left:10px;--awb-flex-wrap:wrap;\" ><div class=\"fusion-builder-row fusion-row\"><div class=\"fusion-layout-column fusion_builder_column fusion-builder-column-1 fusion_builder_column_1_1 1_1 fusion-one-full fusion-column-first fusion-column-last fusion-column-no-min-height\" style=\"--awb-bg-size:cover;--awb-margin-bottom:0px;\"><div class=\"fusion-column-wrapper fusion-flex-column-wrapper-legacy\"><div class=\"fusion-text fusion-text-1\"><h1>Ashtrom Properties Germany GmbH<\/h1>\n<p>Die Ashtrom Properties Germany GmbH ist eine hundertprozentige Tochter der Ashtrom Properties Ltd. und f\u00fcr deren Aktivit\u00e4ten in ganz Deutschland verantwortlich.<\/p>\n<p>Seit 2008 hat die Ashtrom Properties Germany ihren Hauptsitz in Berlin sowie seit 2013 ein weiteres operatives B\u00fcro in D\u00fcsseldorf. Das Unternehmen ist spezialisiert auf gewerbliche Immobilien und deckt das gesamte Dienstleistungsspektrum ab, wie zum Beispiel Akquise, Asset- und Property Management.<\/p>\n<p>Als vollumf\u00e4nglicher Dienstleister seiner Aktion\u00e4re ist die Ashtrom Properties Germany st\u00e4ndig im gesamten Bundesgebiet auf der Suche nach passenden Investitionsm\u00f6glichkeiten in den Anlagekategorien B\u00fcro, Einzelhandel und Logistik.<\/p>\n<p><strong>Das deutsche Bestandsportfolio umfasst:<\/strong><\/p>\n<ul>\n<li>Objekte mit einem Gesamtwert von \u00fcber 450 Millionen Euro<\/li>\n<li>\u00fcber 180.000 m\u00b2 gewerbliche Fl\u00e4chen in ganz Deutschland<\/li>\n<li>j\u00e4hrliche Nettoeinnahmen von \u00fcber 20 Millionen Euro<\/li>\n<\/ul>\n<h2><strong>Ashtrom Properties Ltd.<\/strong><\/h2>\n<p>Als Unternehmen der Ashtrom Group ist die Ashtrom Properties Ltd. f\u00fcr die Akquise und das Management von gewerblichen Liegenschaften in Israel und im Ausland verantwortlich.<\/p>\n<p>Das Unternehmen besitzt Immobilien mit insgesamt rund 515.000 m\u00b2 bis 700.000 m\u00b2 in Israel, Deutschland und Gro\u00dfbritannien. Diese gewerblichen Renditeobjekte generieren konstante Mieteinnahmen in den Bereichen B\u00fcro, Einzelhandel, Gewerbe und Hotels.<\/p>\n<p>Durch seine Managementaktivit\u00e4ten vor Ort, verf\u00fcgt Ashtrom Properties \u00fcber umfangreiche lokale Expertise \u00a0sowie operative Erfahrungen. Dar\u00fcber hinaus ist es Ashtrom Properties gelungen, sich seit 2008 sowohl einen erstklassigen Ruf als auch ein finanziell stabiles Fundament aufzubauen. Diese Kompetenz spiegelt sich sowohl in den wachsenden Einnahmen als auch der stabilen Rendite ihres internationalen Investment-Portfolios wider.<\/p>\n<h2>Die Ashtrom Group<\/h2>\n<p>Die Ashtrom Group ist eines der f\u00fchrenden israelischen Bau- und Immobilienunternehmen und hat sich dem Anbieten professioneller und umfassender All-Inclusive-L\u00f6sungen f\u00fcr ihre Kunden verschrieben.<\/p>\n<p>Die Ashtrom Group wird an der Tel Aviv Stock Exchange unter dem K\u00fcrzel ASHG gehandelt.<\/p>\n<p>Die Ashtrom Group wurde 1963 gegr\u00fcndet und ist seitdem bestrebt, dass s\u00e4mtliche Tochterunter-nehmen unter Beachtung gr\u00f6\u00dftm\u00f6glicher Synergien f\u00fcr jedes Projekt, sei es lokal oder im Ausland, Komplettpakete gestalten.<\/p>\n<p>Die Ashtrom Group ist unter anderem in folgenden Bereichen t\u00e4tig:<\/p>\n<\/div>\n<div class=\"table-1\">\n<table width=\"100%\">\n<tbody>\n<tr>\n<td align=\"left\"><strong>Baugewerbe<\/strong><\/td>\n<td align=\"left\">Ashtrom bietet perfektes Design und operative Antworten f\u00fcr Projekte aller Art und Gr\u00f6\u00dfenordnungen in den Bereichen Bau und Infrastruktur.<\/td>\n<\/tr>\n<tr>\n<td align=\"left\"><strong>Industrie<\/strong><\/td>\n<td align=\"left\">Die Ashtrom Group besitzt Produktionsbetriebe in allen Teilen Israels, in denen sie im Dauerbetrieb f\u00fcr jeden Bereich des Baugewerbes Rohstoffe verarbeitet und Materialien veredelt.<\/td>\n<\/tr>\n<tr>\n<td align=\"left\"><strong>Konzessionen<\/strong><\/td>\n<td align=\"left\">Die Ashtrom Group verf\u00fcgt \u00fcber umfangreiche Erfahrungen mit Projekten auf der Grundlage von DBOT-, PPP- und PFI-Konzessionen, die in enger Zusammenarbeit mit dem \u00f6ffentlichen Sektor und Finanzinstituten umgesetzt werden.<\/td>\n<\/tr>\n<tr>\n<td align=\"left\"><strong>Internationale Aktivit\u00e4ten<\/strong><\/td>\n<td align=\"left\">Ashtrom International ist \u00fcber ihre Tochterunternehmen seit fast f\u00fcnf Jahrzehnten in drei Bereichen t\u00e4tig:<\/p>\n<ol>\n<li>Umsetzung von gro\u00dfen Bauvorhaben und Infrastrukturma\u00dfnahmen<\/li>\n<li>Entwicklung von Wohnungsvierteln<\/li>\n<li>Immobilienprojekten, die Mieteinnahmen generieren<\/li>\n<\/ol>\n<\/td>\n<\/tr>\n<tr>\n<td align=\"left\"><strong>Wohnungsbau<\/strong><\/td>\n<td align=\"left\">Ashdar ist als Teil der Ashtrom Group verantwortlich f\u00fcr die Projektanbahnung, Entwicklung und Vermarktung von Wohnanlagen in ganz Israel.<\/td>\n<\/tr>\n<tr>\n<td align=\"left\"><strong>Properties<\/strong><\/td>\n<td align=\"left\">Ashtrom Properties hat sich als Teil der Ashtrom Group auf die Beschaffung und das Management gewinnbringender Immobilien in Israel und Deutschland spezialisiert.<\/td>\n<\/tr>\n<\/tbody>\n<\/table>\n<\/div>\n<div class=\"fusion-sep-clear\"><\/div><div class=\"fusion-separator fusion-full-width-sep\" style=\"margin-left: auto;margin-right: auto;margin-top:15px;margin-bottom:15px;width:100%;\"><\/div><div class=\"fusion-sep-clear\"><\/div><div class=\"fusion-text fusion-text-2\"><p><a href=\"https:\/\/www.ashtrom.co.il\/en\" target=\"_blank\" rel=\"noopener noreferrer\">Besuchen Sie die Ashtrom Group Webseite<\/a><\/p>\n<\/div><div class=\"fusion-clearfix\"><\/div><\/div><\/div><\/div><\/div><\/p>\n","protected":false},"excerpt":{"rendered":"","protected":false},"author":1,"featured_media":0,"parent":0,"menu_order":0,"comment_status":"closed","ping_status":"closed","template":"100-width.php","meta":{"_acf_changed":false,"footnotes":""},"class_list":["post-382","page","type-page","status-publish","hentry"],"acf":[],"yoast_head":"<!-- This site is optimized with the Yoast SEO plugin v27.2 - https:\/\/yoast.com\/product\/yoast-seo-wordpress\/ -->\n<title>\u00dcber uns - Ashtrom Properties Germany<\/title>\n<meta name=\"robots\" content=\"index, follow, max-snippet:-1, max-image-preview:large, max-video-preview:-1\" \/>\n<link rel=\"canonical\" href=\"https:\/\/www.ashtrom-germany.com\/de\/ueber-uns\/\" \/>\n<meta property=\"og:locale\" content=\"de_DE\" \/>\n<meta property=\"og:type\" content=\"article\" \/>\n<meta property=\"og:title\" content=\"\u00dcber uns - Ashtrom Properties Germany\" \/>\n<meta property=\"og:url\" content=\"https:\/\/www.ashtrom-germany.com\/de\/ueber-uns\/\" \/>\n<meta property=\"og:site_name\" content=\"Ashtrom Properties Germany\" \/>\n<meta property=\"article:modified_time\" content=\"2025-02-10T19:40:22+00:00\" \/>\n<meta name=\"twitter:card\" content=\"summary_large_image\" \/>\n<meta name=\"twitter:label1\" content=\"Gesch\u00e4tzte Lesezeit\" \/>\n\t<meta name=\"twitter:data1\" content=\"4\u00a0Minuten\" \/>\n<script type=\"application\/ld+json\" class=\"yoast-schema-graph\">{\"@context\":\"https:\/\/schema.org\",\"@graph\":[{\"@type\":\"WebPage\",\"@id\":\"https:\/\/www.ashtrom-germany.com\/de\/ueber-uns\/\",\"url\":\"https:\/\/www.ashtrom-germany.com\/de\/ueber-uns\/\",\"name\":\"\u00dcber uns - Ashtrom Properties Germany\",\"isPartOf\":{\"@id\":\"https:\/\/www.ashtrom-germany.com\/#website\"},\"datePublished\":\"2016-09-09T20:46:34+00:00\",\"dateModified\":\"2025-02-10T19:40:22+00:00\",\"breadcrumb\":{\"@id\":\"https:\/\/www.ashtrom-germany.com\/de\/ueber-uns\/#breadcrumb\"},\"inLanguage\":\"de\",\"potentialAction\":[{\"@type\":\"ReadAction\",\"target\":[\"https:\/\/www.ashtrom-germany.com\/de\/ueber-uns\/\"]}]},{\"@type\":\"BreadcrumbList\",\"@id\":\"https:\/\/www.ashtrom-germany.com\/de\/ueber-uns\/#breadcrumb\",\"itemListElement\":[{\"@type\":\"ListItem\",\"position\":1,\"name\":\"Home\",\"item\":\"https:\/\/www.ashtrom-germany.com\/de\/\"},{\"@type\":\"ListItem\",\"position\":2,\"name\":\"\u00dcber uns\"}]},{\"@type\":\"WebSite\",\"@id\":\"https:\/\/www.ashtrom-germany.com\/#website\",\"url\":\"https:\/\/www.ashtrom-germany.com\/\",\"name\":\"Ashtrom Properties Germany\",\"description\":\"Specialist in commercial real estate management\",\"potentialAction\":[{\"@type\":\"SearchAction\",\"target\":{\"@type\":\"EntryPoint\",\"urlTemplate\":\"https:\/\/www.ashtrom-germany.com\/?s={search_term_string}\"},\"query-input\":{\"@type\":\"PropertyValueSpecification\",\"valueRequired\":true,\"valueName\":\"search_term_string\"}}],\"inLanguage\":\"de\"}]}<\/script>\n<!-- \/ Yoast SEO plugin. -->","yoast_head_json":{"title":"\u00dcber uns - Ashtrom Properties Germany","robots":{"index":"index","follow":"follow","max-snippet":"max-snippet:-1","max-image-preview":"max-image-preview:large","max-video-preview":"max-video-preview:-1"},"canonical":"https:\/\/www.ashtrom-germany.com\/de\/ueber-uns\/","og_locale":"de_DE","og_type":"article","og_title":"\u00dcber uns - Ashtrom Properties Germany","og_url":"https:\/\/www.ashtrom-germany.com\/de\/ueber-uns\/","og_site_name":"Ashtrom Properties Germany","article_modified_time":"2025-02-10T19:40:22+00:00","twitter_card":"summary_large_image","twitter_misc":{"Gesch\u00e4tzte Lesezeit":"4\u00a0Minuten"},"schema":{"@context":"https:\/\/schema.org","@graph":[{"@type":"WebPage","@id":"https:\/\/www.ashtrom-germany.com\/de\/ueber-uns\/","url":"https:\/\/www.ashtrom-germany.com\/de\/ueber-uns\/","name":"\u00dcber uns - Ashtrom Properties Germany","isPartOf":{"@id":"https:\/\/www.ashtrom-germany.com\/#website"},"datePublished":"2016-09-09T20:46:34+00:00","dateModified":"2025-02-10T19:40:22+00:00","breadcrumb":{"@id":"https:\/\/www.ashtrom-germany.com\/de\/ueber-uns\/#breadcrumb"},"inLanguage":"de","potentialAction":[{"@type":"ReadAction","target":["https:\/\/www.ashtrom-germany.com\/de\/ueber-uns\/"]}]},{"@type":"BreadcrumbList","@id":"https:\/\/www.ashtrom-germany.com\/de\/ueber-uns\/#breadcrumb","itemListElement":[{"@type":"ListItem","position":1,"name":"Home","item":"https:\/\/www.ashtrom-germany.com\/de\/"},{"@type":"ListItem","position":2,"name":"\u00dcber uns"}]},{"@type":"WebSite","@id":"https:\/\/www.ashtrom-germany.com\/#website","url":"https:\/\/www.ashtrom-germany.com\/","name":"Ashtrom Properties Germany","description":"Specialist in commercial real estate management","potentialAction":[{"@type":"SearchAction","target":{"@type":"EntryPoint","urlTemplate":"https:\/\/www.ashtrom-germany.com\/?s={search_term_string}"},"query-input":{"@type":"PropertyValueSpecification","valueRequired":true,"valueName":"search_term_string"}}],"inLanguage":"de"}]}},"_links":{"self":[{"href":"https:\/\/www.ashtrom-germany.com\/de\/wp-json\/wp\/v2\/pages\/382","targetHints":{"allow":["GET"]}}],"collection":[{"href":"https:\/\/www.ashtrom-germany.com\/de\/wp-json\/wp\/v2\/pages"}],"about":[{"href":"https:\/\/www.ashtrom-germany.com\/de\/wp-json\/wp\/v2\/types\/page"}],"author":[{"embeddable":true,"href":"https:\/\/www.ashtrom-germany.com\/de\/wp-json\/wp\/v2\/users\/1"}],"replies":[{"embeddable":true,"href":"https:\/\/www.ashtrom-germany.com\/de\/wp-json\/wp\/v2\/comments?post=382"}],"version-history":[{"count":18,"href":"https:\/\/www.ashtrom-germany.com\/de\/wp-json\/wp\/v2\/pages\/382\/revisions"}],"predecessor-version":[{"id":990,"href":"https:\/\/www.ashtrom-germany.com\/de\/wp-json\/wp\/v2\/pages\/382\/revisions\/990"}],"wp:attachment":[{"href":"https:\/\/www.ashtrom-germany.com\/de\/wp-json\/wp\/v2\/media?parent=382"}],"curies":[{"name":"wp","href":"https:\/\/api.w.org\/{rel}","templated":true}]}}